{"id":40,"date":"2024-09-24T09:08:12","date_gmt":"2024-09-24T09:08:12","guid":{"rendered":"https:\/\/trobadesanimadorsdecant.cat\/cant\/?page_id=40"},"modified":"2025-05-10T12:03:24","modified_gmt":"2025-05-10T12:03:24","slug":"contacte","status":"publish","type":"page","link":"https:\/\/trobadesanimadorsdecant.cat\/cant\/index.php\/contacte\/","title":{"rendered":"Contacte"},"content":{"rendered":"\n<p>Pots contactar amb nosaltres a trav\u00e9s del seg\u00fcent formulari per qualsevol dubte o suggeriment. Tamb\u00e9, pots fer-ho trav\u00e9s de la nostra adre\u00e7a de correu electr\u00f2nic: trobadescant@abadiamontserrat.net<br><\/p>\n\n\n<div class=\"wpforms-container wpforms-container-full wpforms-render-modern\" id=\"wpforms-1003\"><form id=\"wpforms-form-1003\" class=\"wpforms-validate wpforms-form wpforms-ajax-form\" data-formid=\"1003\" method=\"post\" enctype=\"multipart\/form-data\" action=\"\/cant\/index.php\/wp-json\/wp\/v2\/pages\/40\" data-token=\"8659ec1bd7251d3f0f1a7f3d85d1d63c\" data-token-time=\"1775588056\"><noscript class=\"wpforms-error-noscript\">Por favor, activa JavaScript en tu navegador para completar este formulario.<\/noscript><div class=\"wpforms-hidden\" id=\"wpforms-error-noscript\">Por favor, activa JavaScript en tu navegador para completar este formulario.<\/div><div class=\"wpforms-field-container\"><div id=\"wpforms-1003-field_1-container\" class=\"wpforms-field wpforms-field-name\" data-field-id=\"1\"><label class=\"wpforms-field-label\" for=\"wpforms-1003-field_1\">Nom <span class=\"wpforms-required-label\" aria-hidden=\"true\">*<\/span><\/label><input type=\"text\" id=\"wpforms-1003-field_1\" class=\"wpforms-field-medium wpforms-field-required\" name=\"wpforms[fields][1]\" aria-errormessage=\"wpforms-1003-field_1-error\" required><\/div><div id=\"wpforms-1003-field_2-container\" class=\"wpforms-field wpforms-field-email\" data-field-id=\"2\"><label class=\"wpforms-field-label\" for=\"wpforms-1003-field_2\">Email <span class=\"wpforms-required-label\" aria-hidden=\"true\">*<\/span><\/label><input type=\"email\" id=\"wpforms-1003-field_2\" class=\"wpforms-field-medium wpforms-field-required\" name=\"wpforms[fields][2]\" spellcheck=\"false\" aria-errormessage=\"wpforms-1003-field_2-error\" required><\/div><div id=\"wpforms-1003-field_3-container\" class=\"wpforms-field wpforms-field-textarea\" data-field-id=\"3\"><label class=\"wpforms-field-label\" for=\"wpforms-1003-field_3\">Missatge  <span class=\"wpforms-required-label\" aria-hidden=\"true\">*<\/span><\/label><textarea id=\"wpforms-1003-field_3\" class=\"wpforms-field-medium wpforms-field-required\" name=\"wpforms[fields][3]\" aria-errormessage=\"wpforms-1003-field_3-error\" required><\/textarea><\/div><\/div><!-- .wpforms-field-container --><div class=\"wpforms-submit-container\" ><input type=\"hidden\" name=\"wpforms[id]\" value=\"1003\"><input type=\"hidden\" name=\"page_title\" value=\"\"><input type=\"hidden\" name=\"page_url\" value=\"https:\/\/trobadesanimadorsdecant.cat\/cant\/index.php\/wp-json\/wp\/v2\/pages\/40\"><button type=\"submit\" name=\"wpforms[submit]\" id=\"wpforms-submit-1003\" class=\"wpforms-submit\" data-alt-text=\"Enviando...\" data-submit-text=\"Enviar\" aria-live=\"assertive\" value=\"wpforms-submit\">Enviar<\/button><img decoding=\"async\" src=\"https:\/\/trobadesanimadorsdecant.cat\/cant\/wp-content\/plugins\/wpforms-lite\/assets\/images\/submit-spin.svg\" class=\"wpforms-submit-spinner\" style=\"display: none;\" width=\"26\" height=\"26\" alt=\"Cargando\"><\/div><\/form><\/div>  <!-- .wpforms-container -->\n","protected":false},"excerpt":{"rendered":"<p>Pots contactar amb nosaltres a trav\u00e9s del seg\u00fcent formulari per qualsevol dubte o suggeriment. Tamb\u00e9, pots fer-ho trav\u00e9s de la nostra adre\u00e7a de correu electr\u00f2nic: trobadescant@abadiamontserrat.net<\/p>\n","protected":false},"author":1,"featured_media":193,"parent":0,"menu_order":0,"comment_status":"closed","ping_status":"closed","template":"","meta":{"neve_meta_sidebar":"","neve_meta_container":"","neve_meta_enable_content_width":"","neve_meta_content_width":0,"neve_meta_title_alignment":"","neve_meta_author_avatar":"","neve_post_elements_order":"","neve_meta_disable_header":"","neve_meta_disable_footer":"","neve_meta_disable_title":"","footnotes":""},"class_list":["post-40","page","type-page","status-publish","has-post-thumbnail","hentry"],"yoast_head":"<!-- This site is optimized with the Yoast SEO plugin v25.3 - https:\/\/yoast.com\/wordpress\/plugins\/seo\/ -->\n<title>Contacte - TROBADES D&#039; ANIMADORS DE CANT<\/title>\n<meta name=\"robots\" content=\"index, follow, max-snippet:-1, max-image-preview:large, max-video-preview:-1\" \/>\n<link rel=\"canonical\" href=\"https:\/\/trobadesanimadorsdecant.cat\/cant\/index.php\/contacte\/\" \/>\n<meta property=\"og:locale\" content=\"es_ES\" \/>\n<meta property=\"og:type\" content=\"article\" \/>\n<meta property=\"og:title\" content=\"Contacte - TROBADES D&#039; ANIMADORS DE CANT\" \/>\n<meta property=\"og:description\" content=\"Pots contactar amb nosaltres a trav\u00e9s del seg\u00fcent formulari per qualsevol dubte o suggeriment. Tamb\u00e9, pots fer-ho trav\u00e9s de la nostra adre\u00e7a de correu electr\u00f2nic: trobadescant@abadiamontserrat.net\" \/>\n<meta property=\"og:url\" content=\"https:\/\/trobadesanimadorsdecant.cat\/cant\/index.php\/contacte\/\" \/>\n<meta property=\"og:site_name\" content=\"TROBADES D&#039; ANIMADORS DE CANT\" \/>\n<meta property=\"article:modified_time\" content=\"2025-05-10T12:03:24+00:00\" \/>\n<meta property=\"og:image\" content=\"https:\/\/trobadesanimadorsdecant.cat\/cant\/wp-content\/uploads\/2024\/10\/8.jpg\" \/>\n\t<meta property=\"og:image:width\" content=\"1150\" \/>\n\t<meta property=\"og:image:height\" content=\"370\" \/>\n\t<meta property=\"og:image:type\" content=\"image\/jpeg\" \/>\n<meta name=\"twitter:card\" content=\"summary_large_image\" \/>\n<script type=\"application\/ld+json\" class=\"yoast-schema-graph\">{\"@context\":\"https:\/\/schema.org\",\"@graph\":[{\"@type\":\"WebPage\",\"@id\":\"https:\/\/trobadesanimadorsdecant.cat\/cant\/index.php\/contacte\/\",\"url\":\"https:\/\/trobadesanimadorsdecant.cat\/cant\/index.php\/contacte\/\",\"name\":\"Contacte - TROBADES D&#039; ANIMADORS DE CANT\",\"isPartOf\":{\"@id\":\"https:\/\/trobadesanimadorsdecant.cat\/cant\/#website\"},\"primaryImageOfPage\":{\"@id\":\"https:\/\/trobadesanimadorsdecant.cat\/cant\/index.php\/contacte\/#primaryimage\"},\"image\":{\"@id\":\"https:\/\/trobadesanimadorsdecant.cat\/cant\/index.php\/contacte\/#primaryimage\"},\"thumbnailUrl\":\"https:\/\/trobadesanimadorsdecant.cat\/cant\/wp-content\/uploads\/2024\/10\/8.jpg\",\"datePublished\":\"2024-09-24T09:08:12+00:00\",\"dateModified\":\"2025-05-10T12:03:24+00:00\",\"breadcrumb\":{\"@id\":\"https:\/\/trobadesanimadorsdecant.cat\/cant\/index.php\/contacte\/#breadcrumb\"},\"inLanguage\":\"es\",\"potentialAction\":[{\"@type\":\"ReadAction\",\"target\":[\"https:\/\/trobadesanimadorsdecant.cat\/cant\/index.php\/contacte\/\"]}]},{\"@type\":\"ImageObject\",\"inLanguage\":\"es\",\"@id\":\"https:\/\/trobadesanimadorsdecant.cat\/cant\/index.php\/contacte\/#primaryimage\",\"url\":\"https:\/\/trobadesanimadorsdecant.cat\/cant\/wp-content\/uploads\/2024\/10\/8.jpg\",\"contentUrl\":\"https:\/\/trobadesanimadorsdecant.cat\/cant\/wp-content\/uploads\/2024\/10\/8.jpg\",\"width\":1150,\"height\":370},{\"@type\":\"BreadcrumbList\",\"@id\":\"https:\/\/trobadesanimadorsdecant.cat\/cant\/index.php\/contacte\/#breadcrumb\",\"itemListElement\":[{\"@type\":\"ListItem\",\"position\":1,\"name\":\"Portada\",\"item\":\"https:\/\/trobadesanimadorsdecant.cat\/cant\/\"},{\"@type\":\"ListItem\",\"position\":2,\"name\":\"Contacte\"}]},{\"@type\":\"WebSite\",\"@id\":\"https:\/\/trobadesanimadorsdecant.cat\/cant\/#website\",\"url\":\"https:\/\/trobadesanimadorsdecant.cat\/cant\/\",\"name\":\"TROBADES D&#039; ANIMADORS DE CANT\",\"description\":\"\",\"potentialAction\":[{\"@type\":\"SearchAction\",\"target\":{\"@type\":\"EntryPoint\",\"urlTemplate\":\"https:\/\/trobadesanimadorsdecant.cat\/cant\/?s={search_term_string}\"},\"query-input\":{\"@type\":\"PropertyValueSpecification\",\"valueRequired\":true,\"valueName\":\"search_term_string\"}}],\"inLanguage\":\"es\"}]}<\/script>\n<!-- \/ Yoast SEO plugin. -->","yoast_head_json":{"title":"Contacte - TROBADES D&#039; ANIMADORS DE CANT","robots":{"index":"index","follow":"follow","max-snippet":"max-snippet:-1","max-image-preview":"max-image-preview:large","max-video-preview":"max-video-preview:-1"},"canonical":"https:\/\/trobadesanimadorsdecant.cat\/cant\/index.php\/contacte\/","og_locale":"es_ES","og_type":"article","og_title":"Contacte - TROBADES D&#039; ANIMADORS DE CANT","og_description":"Pots contactar amb nosaltres a trav\u00e9s del seg\u00fcent formulari per qualsevol dubte o suggeriment. Tamb\u00e9, pots fer-ho trav\u00e9s de la nostra adre\u00e7a de correu electr\u00f2nic: trobadescant@abadiamontserrat.net","og_url":"https:\/\/trobadesanimadorsdecant.cat\/cant\/index.php\/contacte\/","og_site_name":"TROBADES D&#039; ANIMADORS DE CANT","article_modified_time":"2025-05-10T12:03:24+00:00","og_image":[{"width":1150,"height":370,"url":"https:\/\/trobadesanimadorsdecant.cat\/cant\/wp-content\/uploads\/2024\/10\/8.jpg","type":"image\/jpeg"}],"twitter_card":"summary_large_image","schema":{"@context":"https:\/\/schema.org","@graph":[{"@type":"WebPage","@id":"https:\/\/trobadesanimadorsdecant.cat\/cant\/index.php\/contacte\/","url":"https:\/\/trobadesanimadorsdecant.cat\/cant\/index.php\/contacte\/","name":"Contacte - TROBADES D&#039; ANIMADORS DE CANT","isPartOf":{"@id":"https:\/\/trobadesanimadorsdecant.cat\/cant\/#website"},"primaryImageOfPage":{"@id":"https:\/\/trobadesanimadorsdecant.cat\/cant\/index.php\/contacte\/#primaryimage"},"image":{"@id":"https:\/\/trobadesanimadorsdecant.cat\/cant\/index.php\/contacte\/#primaryimage"},"thumbnailUrl":"https:\/\/trobadesanimadorsdecant.cat\/cant\/wp-content\/uploads\/2024\/10\/8.jpg","datePublished":"2024-09-24T09:08:12+00:00","dateModified":"2025-05-10T12:03:24+00:00","breadcrumb":{"@id":"https:\/\/trobadesanimadorsdecant.cat\/cant\/index.php\/contacte\/#breadcrumb"},"inLanguage":"es","potentialAction":[{"@type":"ReadAction","target":["https:\/\/trobadesanimadorsdecant.cat\/cant\/index.php\/contacte\/"]}]},{"@type":"ImageObject","inLanguage":"es","@id":"https:\/\/trobadesanimadorsdecant.cat\/cant\/index.php\/contacte\/#primaryimage","url":"https:\/\/trobadesanimadorsdecant.cat\/cant\/wp-content\/uploads\/2024\/10\/8.jpg","contentUrl":"https:\/\/trobadesanimadorsdecant.cat\/cant\/wp-content\/uploads\/2024\/10\/8.jpg","width":1150,"height":370},{"@type":"BreadcrumbList","@id":"https:\/\/trobadesanimadorsdecant.cat\/cant\/index.php\/contacte\/#breadcrumb","itemListElement":[{"@type":"ListItem","position":1,"name":"Portada","item":"https:\/\/trobadesanimadorsdecant.cat\/cant\/"},{"@type":"ListItem","position":2,"name":"Contacte"}]},{"@type":"WebSite","@id":"https:\/\/trobadesanimadorsdecant.cat\/cant\/#website","url":"https:\/\/trobadesanimadorsdecant.cat\/cant\/","name":"TROBADES D&#039; ANIMADORS DE CANT","description":"","potentialAction":[{"@type":"SearchAction","target":{"@type":"EntryPoint","urlTemplate":"https:\/\/trobadesanimadorsdecant.cat\/cant\/?s={search_term_string}"},"query-input":{"@type":"PropertyValueSpecification","valueRequired":true,"valueName":"search_term_string"}}],"inLanguage":"es"}]}},"_links":{"self":[{"href":"https:\/\/trobadesanimadorsdecant.cat\/cant\/index.php\/wp-json\/wp\/v2\/pages\/40","targetHints":{"allow":["GET"]}}],"collection":[{"href":"https:\/\/trobadesanimadorsdecant.cat\/cant\/index.php\/wp-json\/wp\/v2\/pages"}],"about":[{"href":"https:\/\/trobadesanimadorsdecant.cat\/cant\/index.php\/wp-json\/wp\/v2\/types\/page"}],"author":[{"embeddable":true,"href":"https:\/\/trobadesanimadorsdecant.cat\/cant\/index.php\/wp-json\/wp\/v2\/users\/1"}],"replies":[{"embeddable":true,"href":"https:\/\/trobadesanimadorsdecant.cat\/cant\/index.php\/wp-json\/wp\/v2\/comments?post=40"}],"version-history":[{"count":4,"href":"https:\/\/trobadesanimadorsdecant.cat\/cant\/index.php\/wp-json\/wp\/v2\/pages\/40\/revisions"}],"predecessor-version":[{"id":1007,"href":"https:\/\/trobadesanimadorsdecant.cat\/cant\/index.php\/wp-json\/wp\/v2\/pages\/40\/revisions\/1007"}],"wp:featuredmedia":[{"embeddable":true,"href":"https:\/\/trobadesanimadorsdecant.cat\/cant\/index.php\/wp-json\/wp\/v2\/media\/193"}],"wp:attachment":[{"href":"https:\/\/trobadesanimadorsdecant.cat\/cant\/index.php\/wp-json\/wp\/v2\/media?parent=40"}],"curies":[{"name":"wp","href":"https:\/\/api.w.org\/{rel}","templated":true}]}}