{"id":38,"date":"2024-09-24T09:07:39","date_gmt":"2024-09-24T09:07:39","guid":{"rendered":"https:\/\/trobadesanimadorsdecant.cat\/cant\/?page_id=38"},"modified":"2024-12-23T14:35:11","modified_gmt":"2024-12-23T14:35:11","slug":"videos","status":"publish","type":"page","link":"https:\/\/trobadesanimadorsdecant.cat\/cant\/index.php\/videos\/","title":{"rendered":""},"content":{"rendered":"\n<div class=\"wp-block-cover alignfull\"><span aria-hidden=\"true\" class=\"wp-block-cover__background has-background-dim\" style=\"background-color:#767f87\"><\/span><img fetchpriority=\"high\" decoding=\"async\" width=\"1537\" height=\"825\" class=\"wp-block-cover__image-background wp-image-604\" alt=\"\" src=\"https:\/\/trobadesanimadorsdecant.cat\/cant\/wp-content\/uploads\/2024\/12\/montserrat-mountains-feature-3.jpg\" style=\"object-position:0% 0%\" data-object-fit=\"cover\" data-object-position=\"0% 0%\" srcset=\"https:\/\/trobadesanimadorsdecant.cat\/cant\/wp-content\/uploads\/2024\/12\/montserrat-mountains-feature-3.jpg 1537w, https:\/\/trobadesanimadorsdecant.cat\/cant\/wp-content\/uploads\/2024\/12\/montserrat-mountains-feature-3-300x161.jpg 300w, https:\/\/trobadesanimadorsdecant.cat\/cant\/wp-content\/uploads\/2024\/12\/montserrat-mountains-feature-3-1024x550.jpg 1024w, https:\/\/trobadesanimadorsdecant.cat\/cant\/wp-content\/uploads\/2024\/12\/montserrat-mountains-feature-3-768x412.jpg 768w\" sizes=\"(max-width: 1537px) 100vw, 1537px\" \/><div class=\"wp-block-cover__inner-container is-layout-flow wp-block-cover-is-layout-flow\">\n<p class=\"has-text-align-center has-nv-site-bg-color has-text-color has-link-color has-large-font-size wp-elements-6962aa7ae142cd1349de9b5704431e5f\">V\u00cdDEOS<\/p>\n<\/div><\/div>\n\n\n\n<p><\/p>\n\n\n\n<p class=\"has-large-font-size\">II Trobada. Directora<\/p>\n\n\n\n<p class=\"has-medium-font-size\">Cinta Oll\u00e9<\/p>\n\n\n\n<figure>\n<div class=\"nv-iframe-embed\"><iframe hcb-fetch-image-from=\"https:\/\/www.youtube.com\/watch?v=Z2et4ldm6hY\" title=\"Cinta Oll\u00e9 - Tac 2020\" width=\"1200\" height=\"675\" src=\"https:\/\/www.youtube.com\/embed\/Z2et4ldm6hY?feature=oembed\" frameborder=\"0\" allow=\"accelerometer; autoplay; clipboard-write; encrypted-media; gyroscope; picture-in-picture; web-share\" referrerpolicy=\"strict-origin-when-cross-origin\" allowfullscreen><\/iframe><\/div>\n<\/figure>\n\n\n\n\n<p class=\"is-nowrap is-layout-flex wp-container-core-group-is-layout-ad2f72ca wp-block-group-is-layout-flex\"><a href=\"https:\/\/trobadesanimadorsdecant.cat\/cant\/wp-admin\/edit.php?post_type=page\"><\/a><\/p>\n\n\n\n\n<p class=\"has-large-font-size\">TROBADA GENERAL 2019<\/p>\n\n\n\n<p class=\"has-medium-font-size\">US INVOCO, D\u00c9U MEU Gregori Estrada (1918-2015) &#8211; SALM RESPONSORIAL Gregori Estrada (1918-2015)&#8230;<\/p>\n\n\n\n<figure>\n<div class=\"nv-iframe-embed\"><iframe hcb-fetch-image-from=\"https:\/\/www.youtube.com\/watch?v=j1m2irg5cAo&amp;list=PLLcGoQvO0NVc4PF2ngbAuz1U9qqu5_fuL&amp;t=2s\" title=\"US INVOCO, D\u00c9U MEU Gregori Estrada (1918-2015)\" width=\"1200\" height=\"675\" src=\"https:\/\/www.youtube.com\/embed\/j1m2irg5cAo?list=PLLcGoQvO0NVc4PF2ngbAuz1U9qqu5_fuL\" frameborder=\"0\" allow=\"accelerometer; autoplay; clipboard-write; encrypted-media; gyroscope; picture-in-picture; web-share\" referrerpolicy=\"strict-origin-when-cross-origin\" allowfullscreen><\/iframe><\/div>\n<\/figure>\n\n\n\n<p><\/p>\n\n\n\n<p class=\"has-large-font-size\">TROBADA GENERAL 2019<\/p>\n\n\n\n<p class=\"has-medium-font-size\">HIMNE A L&#8217;ASSUMPTA Hildebrand Miret (1921-2010) Ireneu Segarra (1917 2005) &#8211; SOTA LA VOSTRA PROTECCI\u00d3 Ireneu Segarra (1917-2005) &#8211; SENYOR, V\u00d3S&#8230;.<\/p>\n\n\n\n<figure>\n<div class=\"nv-iframe-embed\"><iframe hcb-fetch-image-from=\"https:\/\/www.youtube.com\/watch?v=7vfdrBx0Rx4&amp;list=PLLcGoQvO0NVf4rVKetuq8J_RlQcMVILk5\" title=\"HIMNE A L&#039;ASSUMPTA Hildebrand Miret (1921-2010) Ireneu Segarra (1917 2005)\" width=\"1200\" height=\"675\" src=\"https:\/\/www.youtube.com\/embed\/7vfdrBx0Rx4?list=PLLcGoQvO0NVf4rVKetuq8J_RlQcMVILk5\" frameborder=\"0\" allow=\"accelerometer; autoplay; clipboard-write; encrypted-media; gyroscope; picture-in-picture; web-share\" referrerpolicy=\"strict-origin-when-cross-origin\" allowfullscreen><\/iframe><\/div>\n<\/figure>\n\n\n\n<p><\/p>\n\n\n\n<p class=\"has-large-font-size\">CAPELLA SACRA N\u00daRIA<\/p>\n\n\n\n<p class=\"has-medium-font-size\">AVE MARIA Jocob Arcadelt &#8211; LOCUS ISTE Eduard Vila (n,1984) &#8211; BENEDICTUS ES DOMINE Albert P\u00e0mies (n.1980)<\/p>\n\n\n\n<figure>\n<div class=\"nv-iframe-embed\"><iframe hcb-fetch-image-from=\"https:\/\/www.youtube.com\/watch?v=DsMjwLUs5sM&amp;list=PLLcGoQvO0NVeUpNSoMWe-nI-_K4skNq2S\" title=\"AVE MARIA Jocob Arcadelt\" width=\"1200\" height=\"675\" src=\"https:\/\/www.youtube.com\/embed\/DsMjwLUs5sM?list=PLLcGoQvO0NVeUpNSoMWe-nI-_K4skNq2S\" frameborder=\"0\" allow=\"accelerometer; autoplay; clipboard-write; encrypted-media; gyroscope; picture-in-picture; web-share\" referrerpolicy=\"strict-origin-when-cross-origin\" allowfullscreen><\/iframe><\/div>\n<\/figure>\n\n\n\n<p><\/p>\n\n\n\n<p class=\"has-large-font-size\">III Trobada d&#8217; animadors de Cant<\/p>\n\n\n\n<p class=\"has-medium-font-size\">Montserrat 2018<\/p>\n\n\n\n<figure>\n<div class=\"nv-iframe-embed\"><iframe hcb-fetch-image-from=\"https:\/\/www.youtube.com\/watch?v=AwvN4RLe0Do\" title=\"III TROBADA D&#039;ANIMADORS DE CANT Montserrat 2018\" width=\"1200\" height=\"675\" src=\"https:\/\/www.youtube.com\/embed\/AwvN4RLe0Do?feature=oembed\" frameborder=\"0\" allow=\"accelerometer; autoplay; clipboard-write; encrypted-media; gyroscope; picture-in-picture; web-share\" referrerpolicy=\"strict-origin-when-cross-origin\" allowfullscreen><\/iframe><\/div>\n<\/figure>\n\n\n\n<p><\/p>\n\n\n\n<p class=\"has-large-font-size\">II Trobada d&#8217; animadors de cant<\/p>\n\n\n\n<p class=\"has-medium-font-size\">Montserrat 2018<\/p>\n\n\n\n<figure>\n<div class=\"nv-iframe-embed\"><iframe hcb-fetch-image-from=\"https:\/\/www.youtube.com\/watch?v=Ggm2GlXYD2k\" title=\"II TROBADA D&#039;ANIMADORS DE CANT Montserrat 2018\" width=\"1200\" height=\"675\" src=\"https:\/\/www.youtube.com\/embed\/Ggm2GlXYD2k?feature=oembed\" frameborder=\"0\" allow=\"accelerometer; autoplay; clipboard-write; encrypted-media; gyroscope; picture-in-picture; web-share\" referrerpolicy=\"strict-origin-when-cross-origin\" allowfullscreen><\/iframe><\/div>\n<\/figure>\n\n\n\n<p><\/p>\n\n\n\n<p class=\"has-large-font-size\">I Trobada d&#8217; animadors de Cant<\/p>\n\n\n\n<p class=\"has-medium-font-size\">Montserrat 2018<\/p>\n\n\n\n<figure>\n<div class=\"nv-iframe-embed\"><iframe hcb-fetch-image-from=\"https:\/\/www.youtube.com\/watch?v=3v-PoVyi53M\" title=\"I TROBADA D&#039;ANIMADORS DE CANT Montserrat 2018\" width=\"1200\" height=\"675\" src=\"https:\/\/www.youtube.com\/embed\/3v-PoVyi53M?feature=oembed\" frameborder=\"0\" allow=\"accelerometer; autoplay; clipboard-write; encrypted-media; gyroscope; picture-in-picture; web-share\" referrerpolicy=\"strict-origin-when-cross-origin\" allowfullscreen><\/iframe><\/div>\n<\/figure>\n\n\n\n<p><\/p>\n\n\n\n<p>Concert La S\u00e9nia<br><br><\/p>\n\n\n\n<figure>\n<div class=\"nv-iframe-embed\"><iframe hcb-fetch-image-from=\"https:\/\/www.youtube.com\/watch?v=XcTeR3P8OTw\" title=\"TROBADES D&#039;ANIMADORS DE CANT (Concert La S\u00e9nia)\" width=\"1200\" height=\"675\" src=\"https:\/\/www.youtube.com\/embed\/XcTeR3P8OTw?feature=oembed\" frameborder=\"0\" allow=\"accelerometer; autoplay; clipboard-write; encrypted-media; gyroscope; picture-in-picture; web-share\" referrerpolicy=\"strict-origin-when-cross-origin\" allowfullscreen><\/iframe><\/div>\n<\/figure>\n\n\n\n<p><\/p>\n\n\n\n<p>Trobada d&#8217;Animadors de Cants per a la Lit\u00fargia de Montserrat<\/p>\n\n\n\n<p>Les Trobades d\u2019Animadors de Cants per a la Lit\u00fargia fa m\u00e9s de quaranta anys que s\u2019organitzen a Montserrat.<\/p>\n\n\n\n<figure>\n<div class=\"nv-iframe-embed\"><iframe hcb-fetch-image-from=\"https:\/\/www.youtube.com\/watch?v=fmZBDHA1oS0\" title=\"Trobada d&#039;Animadors de Cants per a la Lit\u00fargia de Montserrat\" width=\"1200\" height=\"675\" src=\"https:\/\/www.youtube.com\/embed\/fmZBDHA1oS0?feature=oembed\" frameborder=\"0\" allow=\"accelerometer; autoplay; clipboard-write; encrypted-media; gyroscope; picture-in-picture; web-share\" referrerpolicy=\"strict-origin-when-cross-origin\" allowfullscreen><\/iframe><\/div>\n<\/figure>\n\n\n\n<p><\/p>\n\n\n\n<p>Trobades d&#8217;Animadors de Cant per a la Lit\u00fargia (2014)<\/p>\n\n\n\n<p>Noves edicions de les Trobades d&#8217;Animadors de Cant per a la Lit\u00fargia (estiu 2014)<\/p>\n\n\n\n<figure>\n<div class=\"nv-iframe-embed\"><iframe hcb-fetch-image-from=\"https:\/\/www.youtube.com\/watch?v=QROvdDYmnnw\" title=\"Trobades d&#039;Animadors de Cant per a la Lit\u00fargia (2014)\" width=\"1200\" height=\"675\" src=\"https:\/\/www.youtube.com\/embed\/QROvdDYmnnw?feature=oembed\" frameborder=\"0\" allow=\"accelerometer; autoplay; clipboard-write; encrypted-media; gyroscope; picture-in-picture; web-share\" referrerpolicy=\"strict-origin-when-cross-origin\" allowfullscreen><\/iframe><\/div>\n<\/figure>\n\n\n\n<p><\/p>\n\n\n\n<p>Trobades d&#8217;Animadors de Cant per a la Lit\u00fargia (estiu 2016)<\/p>\n\n\n\n<p>Trobades d&#8217;Animadors de Cant per a la Lit\u00fargia (estiu 2016). Del 25 al 30 de juliol, dirigida per Joaquim Piqu\u00e9.<\/p>\n\n\n\n<figure>\n<div class=\"nv-iframe-embed\"><iframe hcb-fetch-image-from=\"https:\/\/www.youtube.com\/watch?v=wQFPW1jmmuo\" title=\"Trobades d&#039;Animadors de Cant per a la Lit\u00fargia (estiu 2016)\" width=\"1200\" height=\"675\" src=\"https:\/\/www.youtube.com\/embed\/wQFPW1jmmuo?feature=oembed\" frameborder=\"0\" allow=\"accelerometer; autoplay; clipboard-write; encrypted-media; gyroscope; picture-in-picture; web-share\" referrerpolicy=\"strict-origin-when-cross-origin\" allowfullscreen><\/iframe><\/div>\n<\/figure>\n\n\n\n<p><\/p>\n","protected":false},"excerpt":{"rendered":"<p>II Trobada. Directora Cinta Oll\u00e9 TROBADA GENERAL 2019 US INVOCO, D\u00c9U MEU Gregori Estrada (1918-2015) &#8211; SALM RESPONSORIAL Gregori Estrada (1918-2015)&#8230; TROBADA GENERAL 2019 HIMNE A L&#8217;ASSUMPTA Hildebrand Miret (1921-2010) Ireneu Segarra (1917 2005) &#8211; SOTA LA VOSTRA PROTECCI\u00d3 Ireneu Segarra (1917-2005) &#8211; SENYOR, V\u00d3S&#8230;. CAPELLA SACRA N\u00daRIA AVE MARIA Jocob Arcadelt &#8211; LOCUS ISTE&hellip;&nbsp;<a href=\"https:\/\/trobadesanimadorsdecant.cat\/cant\/index.php\/videos\/\" rel=\"bookmark\">Leer m\u00e1s &raquo;<span class=\"screen-reader-text\"><\/span><\/a><\/p>\n","protected":false},"author":1,"featured_media":0,"parent":0,"menu_order":0,"comment_status":"closed","ping_status":"closed","template":"","meta":{"neve_meta_sidebar":"","neve_meta_container":"","neve_meta_enable_content_width":"","neve_meta_content_width":0,"neve_meta_title_alignment":"","neve_meta_author_avatar":"","neve_post_elements_order":"","neve_meta_disable_header":"","neve_meta_disable_footer":"","neve_meta_disable_title":"","footnotes":""},"class_list":["post-38","page","type-page","status-publish","hentry"],"yoast_head":"<!-- This site is optimized with the Yoast SEO plugin v25.3 - https:\/\/yoast.com\/wordpress\/plugins\/seo\/ -->\n<title>- TROBADES D&#039; ANIMADORS DE CANT<\/title>\n<meta name=\"robots\" content=\"index, follow, max-snippet:-1, max-image-preview:large, max-video-preview:-1\" \/>\n<link rel=\"canonical\" href=\"https:\/\/trobadesanimadorsdecant.cat\/cant\/index.php\/videos\/\" \/>\n<meta property=\"og:locale\" content=\"es_ES\" \/>\n<meta property=\"og:type\" content=\"article\" \/>\n<meta property=\"og:title\" content=\"- TROBADES D&#039; ANIMADORS DE CANT\" \/>\n<meta property=\"og:description\" content=\"II Trobada. Directora Cinta Oll\u00e9 TROBADA GENERAL 2019 US INVOCO, D\u00c9U MEU Gregori Estrada (1918-2015) &#8211; SALM RESPONSORIAL Gregori Estrada (1918-2015)&#8230; TROBADA GENERAL 2019 HIMNE A L&#8217;ASSUMPTA Hildebrand Miret (1921-2010) Ireneu Segarra (1917 2005) &#8211; SOTA LA VOSTRA PROTECCI\u00d3 Ireneu Segarra (1917-2005) &#8211; SENYOR, V\u00d3S&#8230;. CAPELLA SACRA N\u00daRIA AVE MARIA Jocob Arcadelt &#8211; LOCUS ISTE&hellip;&nbsp;Leer m\u00e1s &raquo;\" \/>\n<meta property=\"og:url\" content=\"https:\/\/trobadesanimadorsdecant.cat\/cant\/index.php\/videos\/\" \/>\n<meta property=\"og:site_name\" content=\"TROBADES D&#039; ANIMADORS DE CANT\" \/>\n<meta property=\"article:modified_time\" content=\"2024-12-23T14:35:11+00:00\" \/>\n<meta property=\"og:image\" content=\"https:\/\/trobadesanimadorsdecant.cat\/cant\/wp-content\/uploads\/2024\/12\/montserrat-mountains-feature-3.jpg\" \/>\n<meta name=\"twitter:card\" content=\"summary_large_image\" \/>\n<meta name=\"twitter:label1\" content=\"Tiempo de lectura\" \/>\n\t<meta name=\"twitter:data1\" content=\"1 minuto\" \/>\n<script type=\"application\/ld+json\" class=\"yoast-schema-graph\">{\"@context\":\"https:\/\/schema.org\",\"@graph\":[{\"@type\":\"WebPage\",\"@id\":\"https:\/\/trobadesanimadorsdecant.cat\/cant\/index.php\/videos\/\",\"url\":\"https:\/\/trobadesanimadorsdecant.cat\/cant\/index.php\/videos\/\",\"name\":\"- TROBADES D&#039; ANIMADORS DE CANT\",\"isPartOf\":{\"@id\":\"https:\/\/trobadesanimadorsdecant.cat\/cant\/#website\"},\"primaryImageOfPage\":{\"@id\":\"https:\/\/trobadesanimadorsdecant.cat\/cant\/index.php\/videos\/#primaryimage\"},\"image\":{\"@id\":\"https:\/\/trobadesanimadorsdecant.cat\/cant\/index.php\/videos\/#primaryimage\"},\"thumbnailUrl\":\"https:\/\/trobadesanimadorsdecant.cat\/cant\/wp-content\/uploads\/2024\/12\/montserrat-mountains-feature-3.jpg\",\"datePublished\":\"2024-09-24T09:07:39+00:00\",\"dateModified\":\"2024-12-23T14:35:11+00:00\",\"inLanguage\":\"es\",\"potentialAction\":[{\"@type\":\"ReadAction\",\"target\":[\"https:\/\/trobadesanimadorsdecant.cat\/cant\/index.php\/videos\/\"]}]},{\"@type\":\"ImageObject\",\"inLanguage\":\"es\",\"@id\":\"https:\/\/trobadesanimadorsdecant.cat\/cant\/index.php\/videos\/#primaryimage\",\"url\":\"https:\/\/trobadesanimadorsdecant.cat\/cant\/wp-content\/uploads\/2024\/12\/montserrat-mountains-feature-3.jpg\",\"contentUrl\":\"https:\/\/trobadesanimadorsdecant.cat\/cant\/wp-content\/uploads\/2024\/12\/montserrat-mountains-feature-3.jpg\",\"width\":1537,\"height\":825},{\"@type\":\"WebSite\",\"@id\":\"https:\/\/trobadesanimadorsdecant.cat\/cant\/#website\",\"url\":\"https:\/\/trobadesanimadorsdecant.cat\/cant\/\",\"name\":\"TROBADES D&#039; ANIMADORS DE CANT\",\"description\":\"\",\"potentialAction\":[{\"@type\":\"SearchAction\",\"target\":{\"@type\":\"EntryPoint\",\"urlTemplate\":\"https:\/\/trobadesanimadorsdecant.cat\/cant\/?s={search_term_string}\"},\"query-input\":{\"@type\":\"PropertyValueSpecification\",\"valueRequired\":true,\"valueName\":\"search_term_string\"}}],\"inLanguage\":\"es\"}]}<\/script>\n<!-- \/ Yoast SEO plugin. -->","yoast_head_json":{"title":"- TROBADES D&#039; ANIMADORS DE CANT","robots":{"index":"index","follow":"follow","max-snippet":"max-snippet:-1","max-image-preview":"max-image-preview:large","max-video-preview":"max-video-preview:-1"},"canonical":"https:\/\/trobadesanimadorsdecant.cat\/cant\/index.php\/videos\/","og_locale":"es_ES","og_type":"article","og_title":"- TROBADES D&#039; ANIMADORS DE CANT","og_description":"II Trobada. Directora Cinta Oll\u00e9 TROBADA GENERAL 2019 US INVOCO, D\u00c9U MEU Gregori Estrada (1918-2015) &#8211; SALM RESPONSORIAL Gregori Estrada (1918-2015)&#8230; TROBADA GENERAL 2019 HIMNE A L&#8217;ASSUMPTA Hildebrand Miret (1921-2010) Ireneu Segarra (1917 2005) &#8211; SOTA LA VOSTRA PROTECCI\u00d3 Ireneu Segarra (1917-2005) &#8211; SENYOR, V\u00d3S&#8230;. CAPELLA SACRA N\u00daRIA AVE MARIA Jocob Arcadelt &#8211; LOCUS ISTE&hellip;&nbsp;Leer m\u00e1s &raquo;","og_url":"https:\/\/trobadesanimadorsdecant.cat\/cant\/index.php\/videos\/","og_site_name":"TROBADES D&#039; ANIMADORS DE CANT","article_modified_time":"2024-12-23T14:35:11+00:00","og_image":[{"url":"https:\/\/trobadesanimadorsdecant.cat\/cant\/wp-content\/uploads\/2024\/12\/montserrat-mountains-feature-3.jpg","type":"","width":"","height":""}],"twitter_card":"summary_large_image","twitter_misc":{"Tiempo de lectura":"1 minuto"},"schema":{"@context":"https:\/\/schema.org","@graph":[{"@type":"WebPage","@id":"https:\/\/trobadesanimadorsdecant.cat\/cant\/index.php\/videos\/","url":"https:\/\/trobadesanimadorsdecant.cat\/cant\/index.php\/videos\/","name":"- TROBADES D&#039; ANIMADORS DE CANT","isPartOf":{"@id":"https:\/\/trobadesanimadorsdecant.cat\/cant\/#website"},"primaryImageOfPage":{"@id":"https:\/\/trobadesanimadorsdecant.cat\/cant\/index.php\/videos\/#primaryimage"},"image":{"@id":"https:\/\/trobadesanimadorsdecant.cat\/cant\/index.php\/videos\/#primaryimage"},"thumbnailUrl":"https:\/\/trobadesanimadorsdecant.cat\/cant\/wp-content\/uploads\/2024\/12\/montserrat-mountains-feature-3.jpg","datePublished":"2024-09-24T09:07:39+00:00","dateModified":"2024-12-23T14:35:11+00:00","inLanguage":"es","potentialAction":[{"@type":"ReadAction","target":["https:\/\/trobadesanimadorsdecant.cat\/cant\/index.php\/videos\/"]}]},{"@type":"ImageObject","inLanguage":"es","@id":"https:\/\/trobadesanimadorsdecant.cat\/cant\/index.php\/videos\/#primaryimage","url":"https:\/\/trobadesanimadorsdecant.cat\/cant\/wp-content\/uploads\/2024\/12\/montserrat-mountains-feature-3.jpg","contentUrl":"https:\/\/trobadesanimadorsdecant.cat\/cant\/wp-content\/uploads\/2024\/12\/montserrat-mountains-feature-3.jpg","width":1537,"height":825},{"@type":"WebSite","@id":"https:\/\/trobadesanimadorsdecant.cat\/cant\/#website","url":"https:\/\/trobadesanimadorsdecant.cat\/cant\/","name":"TROBADES D&#039; ANIMADORS DE CANT","description":"","potentialAction":[{"@type":"SearchAction","target":{"@type":"EntryPoint","urlTemplate":"https:\/\/trobadesanimadorsdecant.cat\/cant\/?s={search_term_string}"},"query-input":{"@type":"PropertyValueSpecification","valueRequired":true,"valueName":"search_term_string"}}],"inLanguage":"es"}]}},"_links":{"self":[{"href":"https:\/\/trobadesanimadorsdecant.cat\/cant\/index.php\/wp-json\/wp\/v2\/pages\/38","targetHints":{"allow":["GET"]}}],"collection":[{"href":"https:\/\/trobadesanimadorsdecant.cat\/cant\/index.php\/wp-json\/wp\/v2\/pages"}],"about":[{"href":"https:\/\/trobadesanimadorsdecant.cat\/cant\/index.php\/wp-json\/wp\/v2\/types\/page"}],"author":[{"embeddable":true,"href":"https:\/\/trobadesanimadorsdecant.cat\/cant\/index.php\/wp-json\/wp\/v2\/users\/1"}],"replies":[{"embeddable":true,"href":"https:\/\/trobadesanimadorsdecant.cat\/cant\/index.php\/wp-json\/wp\/v2\/comments?post=38"}],"version-history":[{"count":26,"href":"https:\/\/trobadesanimadorsdecant.cat\/cant\/index.php\/wp-json\/wp\/v2\/pages\/38\/revisions"}],"predecessor-version":[{"id":637,"href":"https:\/\/trobadesanimadorsdecant.cat\/cant\/index.php\/wp-json\/wp\/v2\/pages\/38\/revisions\/637"}],"wp:attachment":[{"href":"https:\/\/trobadesanimadorsdecant.cat\/cant\/index.php\/wp-json\/wp\/v2\/media?parent=38"}],"curies":[{"name":"wp","href":"https:\/\/api.w.org\/{rel}","templated":true}]}}