{"id":31,"date":"2024-09-24T09:06:30","date_gmt":"2024-09-24T09:06:30","guid":{"rendered":"https:\/\/trobadesanimadorsdecant.cat\/cant\/?page_id=31"},"modified":"2025-05-09T11:29:11","modified_gmt":"2025-05-09T11:29:11","slug":"trobades-estiu","status":"publish","type":"page","link":"https:\/\/trobadesanimadorsdecant.cat\/cant\/index.php\/trobades-estiu\/","title":{"rendered":"Trobades estiu"},"content":{"rendered":"<style>.wp-show-posts-columns#wpsp-77 {margin-left: -2em; }.wp-show-posts-columns#wpsp-77 .wp-show-posts-inner {margin: 0 0 2em 2em; }<\/style><section id=\"wpsp-77\" class=\" wp-show-posts-columns wp-show-posts\" style=\"\"><article class=\" wp-show-posts-single post-65 post type-post status-publish format-standard has-post-thumbnail hentry category-trobades wpsp-col-6\" itemtype=\"http:\/\/schema.org\/CreativeWork\" itemscope><div class=\"wp-show-posts-inner\" style=\"\">\t\t\t\t\t\t<header class=\"wp-show-posts-entry-header\">\n\t\t\t\t\t\t\t<h1 class=\"wp-show-posts-entry-title\" itemprop=\"headline\"><a href=\"https:\/\/trobadesanimadorsdecant.cat\/cant\/index.php\/2024\/09\/24\/i-trobada-danimadors-de-cant\/\" rel=\"bookmark\">I TROBADA D&#8217;ANIMADORS DE CANT<\/a><\/h1>\t\t\t\t\t\t<\/header><!-- .entry-header -->\n\t\t\t\t\t\t\t<div class=\"wp-show-posts-image  wpsp-image-center \">\n\t\t\t<a href=\"https:\/\/trobadesanimadorsdecant.cat\/cant\/index.php\/2024\/09\/24\/i-trobada-danimadors-de-cant\/\"  title=\"I TROBADA D&#8217;ANIMADORS DE CANT\"><img fetchpriority=\"high\" decoding=\"async\" width=\"789\" height=\"526\" src=\"https:\/\/trobadesanimadorsdecant.cat\/cant\/wp-content\/uploads\/2024\/09\/montse.jpg\" class=\"attachment-full size-full wp-post-image\" alt=\"\" itemprop=\"image\" srcset=\"https:\/\/trobadesanimadorsdecant.cat\/cant\/wp-content\/uploads\/2024\/09\/montse.jpg 789w, https:\/\/trobadesanimadorsdecant.cat\/cant\/wp-content\/uploads\/2024\/09\/montse-300x200.jpg 300w, https:\/\/trobadesanimadorsdecant.cat\/cant\/wp-content\/uploads\/2024\/09\/montse-768x512.jpg 768w\" sizes=\"(max-width: 789px) 100vw, 789px\" \/><\/a>\t\t<\/div>\n\t\t\t\t\t\t\t\t<div class=\"wp-show-posts-entry-summary\" itemprop=\"text\">\n\t\t\t\t\t\t\t<p>Montserrat Vilar. Del 20-25 juliol. Curriculum Montserrat Vilar ***** Inscripcions *****<\/p>\n\t\t\t\t\t\t<\/div><!-- .entry-summary -->\n\t\t\t\t\t<\/div><!-- wp-show-posts-inner --><\/article><article class=\" wp-show-posts-single post-68 post type-post status-publish format-standard has-post-thumbnail hentry category-trobades wpsp-col-6\" itemtype=\"http:\/\/schema.org\/CreativeWork\" itemscope><div class=\"wp-show-posts-inner\" style=\"\">\t\t\t\t\t\t<header class=\"wp-show-posts-entry-header\">\n\t\t\t\t\t\t\t<h1 class=\"wp-show-posts-entry-title\" itemprop=\"headline\"><a href=\"https:\/\/trobadesanimadorsdecant.cat\/cant\/index.php\/2024\/09\/24\/ii-trobada-danimadors-de-cant\/\" rel=\"bookmark\">II TROBADA D&#8217;ANIMADORS DE CANT<\/a><\/h1>\t\t\t\t\t\t<\/header><!-- .entry-header -->\n\t\t\t\t\t\t\t<div class=\"wp-show-posts-image  wpsp-image-center \">\n\t\t\t<a href=\"https:\/\/trobadesanimadorsdecant.cat\/cant\/index.php\/2024\/09\/24\/ii-trobada-danimadors-de-cant\/\"  title=\"II TROBADA D&#8217;ANIMADORS DE CANT\"><img decoding=\"async\" width=\"1228\" height=\"836\" src=\"https:\/\/trobadesanimadorsdecant.cat\/cant\/wp-content\/uploads\/2024\/09\/3IMG-20260226-WA0050.jpg\" class=\"attachment-full size-full wp-post-image\" alt=\"\" itemprop=\"image\" srcset=\"https:\/\/trobadesanimadorsdecant.cat\/cant\/wp-content\/uploads\/2024\/09\/3IMG-20260226-WA0050.jpg 1228w, https:\/\/trobadesanimadorsdecant.cat\/cant\/wp-content\/uploads\/2024\/09\/3IMG-20260226-WA0050-300x204.jpg 300w, https:\/\/trobadesanimadorsdecant.cat\/cant\/wp-content\/uploads\/2024\/09\/3IMG-20260226-WA0050-1024x697.jpg 1024w, https:\/\/trobadesanimadorsdecant.cat\/cant\/wp-content\/uploads\/2024\/09\/3IMG-20260226-WA0050-768x523.jpg 768w\" sizes=\"(max-width: 1228px) 100vw, 1228px\" \/><\/a>\t\t<\/div>\n\t\t\t\t\t\t\t\t<div class=\"wp-show-posts-entry-summary\" itemprop=\"text\">\n\t\t\t\t\t\t\t<p>Cinta Oll\u00e9. Del 3 al 8 d&#8217;agost. Curriculum Cinta Oll\u00e9 ***** Inscripcions<\/p>\n\t\t\t\t\t\t<\/div><!-- .entry-summary -->\n\t\t\t\t\t<\/div><!-- wp-show-posts-inner --><\/article><article class=\" wp-show-posts-single post-71 post type-post status-publish format-standard has-post-thumbnail hentry category-trobades wpsp-col-6\" itemtype=\"http:\/\/schema.org\/CreativeWork\" itemscope><div class=\"wp-show-posts-inner\" style=\"\">\t\t\t\t\t\t<header class=\"wp-show-posts-entry-header\">\n\t\t\t\t\t\t\t<h1 class=\"wp-show-posts-entry-title\" itemprop=\"headline\"><a href=\"https:\/\/trobadesanimadorsdecant.cat\/cant\/index.php\/2024\/09\/24\/iii-trobada-danimadors-de-cant\/\" rel=\"bookmark\">III TROBADA D&#8217;ANIMADORS DE CANT<\/a><\/h1>\t\t\t\t\t\t<\/header><!-- .entry-header -->\n\t\t\t\t\t\t\t<div class=\"wp-show-posts-image  wpsp-image-center \">\n\t\t\t<a href=\"https:\/\/trobadesanimadorsdecant.cat\/cant\/index.php\/2024\/09\/24\/iii-trobada-danimadors-de-cant\/\"  title=\"III TROBADA D&#8217;ANIMADORS DE CANT\"><img decoding=\"async\" width=\"1600\" height=\"1064\" src=\"https:\/\/trobadesanimadorsdecant.cat\/cant\/wp-content\/uploads\/2024\/09\/Raul.jpg\" class=\"attachment-full size-full wp-post-image\" alt=\"\" itemprop=\"image\" srcset=\"https:\/\/trobadesanimadorsdecant.cat\/cant\/wp-content\/uploads\/2024\/09\/Raul.jpg 1600w, https:\/\/trobadesanimadorsdecant.cat\/cant\/wp-content\/uploads\/2024\/09\/Raul-300x200.jpg 300w, https:\/\/trobadesanimadorsdecant.cat\/cant\/wp-content\/uploads\/2024\/09\/Raul-1024x681.jpg 1024w, https:\/\/trobadesanimadorsdecant.cat\/cant\/wp-content\/uploads\/2024\/09\/Raul-768x511.jpg 768w, https:\/\/trobadesanimadorsdecant.cat\/cant\/wp-content\/uploads\/2024\/09\/Raul-1536x1021.jpg 1536w\" sizes=\"(max-width: 1600px) 100vw, 1600px\" \/><\/a>\t\t<\/div>\n\t\t\t\t\t\t\t\t<div class=\"wp-show-posts-entry-summary\" itemprop=\"text\">\n\t\t\t\t\t\t\t<p>Ra\u00fcl Mart\u00ednez. Del 10 al 15 d&#8217;agost Curriculum Ra\u00fcl Mart\u00ednez ***** Inscripcions *****<\/p>\n\t\t\t\t\t\t<\/div><!-- .entry-summary -->\n\t\t\t\t\t<\/div><!-- wp-show-posts-inner --><\/article><article class=\" wp-show-posts-single post-74 post type-post status-publish format-standard has-post-thumbnail hentry category-properatrobada category-trobades wpsp-col-6\" itemtype=\"http:\/\/schema.org\/CreativeWork\" itemscope><div class=\"wp-show-posts-inner\" style=\"\">\t\t\t\t\t\t<header class=\"wp-show-posts-entry-header\">\n\t\t\t\t\t\t\t<h1 class=\"wp-show-posts-entry-title\" itemprop=\"headline\"><a href=\"https:\/\/trobadesanimadorsdecant.cat\/cant\/index.php\/2024\/09\/24\/trobada-general-girona\/\" rel=\"bookmark\">TROBADA GENERAL VILAFRANCA<\/a><\/h1>\t\t\t\t\t\t<\/header><!-- .entry-header -->\n\t\t\t\t\t\t\t<div class=\"wp-show-posts-image  wpsp-image-center \">\n\t\t\t<a href=\"https:\/\/trobadesanimadorsdecant.cat\/cant\/index.php\/2024\/09\/24\/trobada-general-girona\/\"  title=\"TROBADA GENERAL VILAFRANCA\"><img loading=\"lazy\" decoding=\"async\" width=\"1178\" height=\"789\" src=\"https:\/\/trobadesanimadorsdecant.cat\/cant\/wp-content\/uploads\/2024\/09\/24-Vilafranca-050326_14.jpg\" class=\"attachment-full size-full wp-post-image\" alt=\"\" itemprop=\"image\" srcset=\"https:\/\/trobadesanimadorsdecant.cat\/cant\/wp-content\/uploads\/2024\/09\/24-Vilafranca-050326_14.jpg 1178w, https:\/\/trobadesanimadorsdecant.cat\/cant\/wp-content\/uploads\/2024\/09\/24-Vilafranca-050326_14-300x201.jpg 300w, https:\/\/trobadesanimadorsdecant.cat\/cant\/wp-content\/uploads\/2024\/09\/24-Vilafranca-050326_14-1024x686.jpg 1024w, https:\/\/trobadesanimadorsdecant.cat\/cant\/wp-content\/uploads\/2024\/09\/24-Vilafranca-050326_14-768x514.jpg 768w\" sizes=\"(max-width: 1178px) 100vw, 1178px\" \/><\/a>\t\t<\/div>\n\t\t\t\t\t\t\t\t<div class=\"wp-show-posts-entry-summary\" itemprop=\"text\">\n\t\t\t\t\t\t\t<p>7-8 novembre 2026. Reserveu la data a l&#8217;agenda!<\/p>\n\t\t\t\t\t\t<\/div><!-- .entry-summary -->\n\t\t\t\t\t<\/div><!-- wp-show-posts-inner --><\/article><div class=\"wpsp-clear\"><\/div><\/section><!-- .wp-show-posts -->\n","protected":false},"excerpt":{"rendered":"","protected":false},"author":1,"featured_media":498,"parent":0,"menu_order":0,"comment_status":"closed","ping_status":"closed","template":"","meta":{"neve_meta_sidebar":"","neve_meta_container":"","neve_meta_enable_content_width":"","neve_meta_content_width":0,"neve_meta_title_alignment":"","neve_meta_author_avatar":"","neve_post_elements_order":"","neve_meta_disable_header":"","neve_meta_disable_footer":"","neve_meta_disable_title":"","footnotes":""},"class_list":["post-31","page","type-page","status-publish","has-post-thumbnail","hentry"],"yoast_head":"<!-- This site is optimized with the Yoast SEO plugin v25.3 - https:\/\/yoast.com\/wordpress\/plugins\/seo\/ -->\n<title>Trobades estiu - TROBADES D&#039; ANIMADORS DE CANT<\/title>\n<meta name=\"robots\" content=\"index, follow, max-snippet:-1, max-image-preview:large, max-video-preview:-1\" \/>\n<link rel=\"canonical\" href=\"https:\/\/trobadesanimadorsdecant.cat\/cant\/index.php\/trobades-estiu\/\" \/>\n<meta property=\"og:locale\" content=\"es_ES\" \/>\n<meta property=\"og:type\" content=\"article\" \/>\n<meta property=\"og:title\" content=\"Trobades estiu - TROBADES D&#039; ANIMADORS DE CANT\" \/>\n<meta property=\"og:url\" content=\"https:\/\/trobadesanimadorsdecant.cat\/cant\/index.php\/trobades-estiu\/\" \/>\n<meta property=\"og:site_name\" content=\"TROBADES D&#039; ANIMADORS DE CANT\" \/>\n<meta property=\"article:modified_time\" content=\"2025-05-09T11:29:11+00:00\" \/>\n<meta property=\"og:image\" content=\"https:\/\/trobadesanimadorsdecant.cat\/cant\/wp-content\/uploads\/2024\/12\/Imagen193.jpg\" \/>\n\t<meta property=\"og:image:width\" content=\"1600\" \/>\n\t<meta property=\"og:image:height\" content=\"1200\" \/>\n\t<meta property=\"og:image:type\" content=\"image\/jpeg\" \/>\n<meta name=\"twitter:card\" content=\"summary_large_image\" \/>\n<script type=\"application\/ld+json\" class=\"yoast-schema-graph\">{\"@context\":\"https:\/\/schema.org\",\"@graph\":[{\"@type\":\"WebPage\",\"@id\":\"https:\/\/trobadesanimadorsdecant.cat\/cant\/index.php\/trobades-estiu\/\",\"url\":\"https:\/\/trobadesanimadorsdecant.cat\/cant\/index.php\/trobades-estiu\/\",\"name\":\"Trobades estiu - TROBADES D&#039; ANIMADORS DE CANT\",\"isPartOf\":{\"@id\":\"https:\/\/trobadesanimadorsdecant.cat\/cant\/#website\"},\"primaryImageOfPage\":{\"@id\":\"https:\/\/trobadesanimadorsdecant.cat\/cant\/index.php\/trobades-estiu\/#primaryimage\"},\"image\":{\"@id\":\"https:\/\/trobadesanimadorsdecant.cat\/cant\/index.php\/trobades-estiu\/#primaryimage\"},\"thumbnailUrl\":\"https:\/\/trobadesanimadorsdecant.cat\/cant\/wp-content\/uploads\/2024\/12\/Imagen193.jpg\",\"datePublished\":\"2024-09-24T09:06:30+00:00\",\"dateModified\":\"2025-05-09T11:29:11+00:00\",\"breadcrumb\":{\"@id\":\"https:\/\/trobadesanimadorsdecant.cat\/cant\/index.php\/trobades-estiu\/#breadcrumb\"},\"inLanguage\":\"es\",\"potentialAction\":[{\"@type\":\"ReadAction\",\"target\":[\"https:\/\/trobadesanimadorsdecant.cat\/cant\/index.php\/trobades-estiu\/\"]}]},{\"@type\":\"ImageObject\",\"inLanguage\":\"es\",\"@id\":\"https:\/\/trobadesanimadorsdecant.cat\/cant\/index.php\/trobades-estiu\/#primaryimage\",\"url\":\"https:\/\/trobadesanimadorsdecant.cat\/cant\/wp-content\/uploads\/2024\/12\/Imagen193.jpg\",\"contentUrl\":\"https:\/\/trobadesanimadorsdecant.cat\/cant\/wp-content\/uploads\/2024\/12\/Imagen193.jpg\",\"width\":1600,\"height\":1200},{\"@type\":\"BreadcrumbList\",\"@id\":\"https:\/\/trobadesanimadorsdecant.cat\/cant\/index.php\/trobades-estiu\/#breadcrumb\",\"itemListElement\":[{\"@type\":\"ListItem\",\"position\":1,\"name\":\"Portada\",\"item\":\"https:\/\/trobadesanimadorsdecant.cat\/cant\/\"},{\"@type\":\"ListItem\",\"position\":2,\"name\":\"Trobades estiu\"}]},{\"@type\":\"WebSite\",\"@id\":\"https:\/\/trobadesanimadorsdecant.cat\/cant\/#website\",\"url\":\"https:\/\/trobadesanimadorsdecant.cat\/cant\/\",\"name\":\"TROBADES D&#039; ANIMADORS DE CANT\",\"description\":\"\",\"potentialAction\":[{\"@type\":\"SearchAction\",\"target\":{\"@type\":\"EntryPoint\",\"urlTemplate\":\"https:\/\/trobadesanimadorsdecant.cat\/cant\/?s={search_term_string}\"},\"query-input\":{\"@type\":\"PropertyValueSpecification\",\"valueRequired\":true,\"valueName\":\"search_term_string\"}}],\"inLanguage\":\"es\"}]}<\/script>\n<!-- \/ Yoast SEO plugin. -->","yoast_head_json":{"title":"Trobades estiu - TROBADES D&#039; ANIMADORS DE CANT","robots":{"index":"index","follow":"follow","max-snippet":"max-snippet:-1","max-image-preview":"max-image-preview:large","max-video-preview":"max-video-preview:-1"},"canonical":"https:\/\/trobadesanimadorsdecant.cat\/cant\/index.php\/trobades-estiu\/","og_locale":"es_ES","og_type":"article","og_title":"Trobades estiu - TROBADES D&#039; ANIMADORS DE CANT","og_url":"https:\/\/trobadesanimadorsdecant.cat\/cant\/index.php\/trobades-estiu\/","og_site_name":"TROBADES D&#039; ANIMADORS DE CANT","article_modified_time":"2025-05-09T11:29:11+00:00","og_image":[{"width":1600,"height":1200,"url":"https:\/\/trobadesanimadorsdecant.cat\/cant\/wp-content\/uploads\/2024\/12\/Imagen193.jpg","type":"image\/jpeg"}],"twitter_card":"summary_large_image","schema":{"@context":"https:\/\/schema.org","@graph":[{"@type":"WebPage","@id":"https:\/\/trobadesanimadorsdecant.cat\/cant\/index.php\/trobades-estiu\/","url":"https:\/\/trobadesanimadorsdecant.cat\/cant\/index.php\/trobades-estiu\/","name":"Trobades estiu - TROBADES D&#039; ANIMADORS DE CANT","isPartOf":{"@id":"https:\/\/trobadesanimadorsdecant.cat\/cant\/#website"},"primaryImageOfPage":{"@id":"https:\/\/trobadesanimadorsdecant.cat\/cant\/index.php\/trobades-estiu\/#primaryimage"},"image":{"@id":"https:\/\/trobadesanimadorsdecant.cat\/cant\/index.php\/trobades-estiu\/#primaryimage"},"thumbnailUrl":"https:\/\/trobadesanimadorsdecant.cat\/cant\/wp-content\/uploads\/2024\/12\/Imagen193.jpg","datePublished":"2024-09-24T09:06:30+00:00","dateModified":"2025-05-09T11:29:11+00:00","breadcrumb":{"@id":"https:\/\/trobadesanimadorsdecant.cat\/cant\/index.php\/trobades-estiu\/#breadcrumb"},"inLanguage":"es","potentialAction":[{"@type":"ReadAction","target":["https:\/\/trobadesanimadorsdecant.cat\/cant\/index.php\/trobades-estiu\/"]}]},{"@type":"ImageObject","inLanguage":"es","@id":"https:\/\/trobadesanimadorsdecant.cat\/cant\/index.php\/trobades-estiu\/#primaryimage","url":"https:\/\/trobadesanimadorsdecant.cat\/cant\/wp-content\/uploads\/2024\/12\/Imagen193.jpg","contentUrl":"https:\/\/trobadesanimadorsdecant.cat\/cant\/wp-content\/uploads\/2024\/12\/Imagen193.jpg","width":1600,"height":1200},{"@type":"BreadcrumbList","@id":"https:\/\/trobadesanimadorsdecant.cat\/cant\/index.php\/trobades-estiu\/#breadcrumb","itemListElement":[{"@type":"ListItem","position":1,"name":"Portada","item":"https:\/\/trobadesanimadorsdecant.cat\/cant\/"},{"@type":"ListItem","position":2,"name":"Trobades estiu"}]},{"@type":"WebSite","@id":"https:\/\/trobadesanimadorsdecant.cat\/cant\/#website","url":"https:\/\/trobadesanimadorsdecant.cat\/cant\/","name":"TROBADES D&#039; ANIMADORS DE CANT","description":"","potentialAction":[{"@type":"SearchAction","target":{"@type":"EntryPoint","urlTemplate":"https:\/\/trobadesanimadorsdecant.cat\/cant\/?s={search_term_string}"},"query-input":{"@type":"PropertyValueSpecification","valueRequired":true,"valueName":"search_term_string"}}],"inLanguage":"es"}]}},"_links":{"self":[{"href":"https:\/\/trobadesanimadorsdecant.cat\/cant\/index.php\/wp-json\/wp\/v2\/pages\/31","targetHints":{"allow":["GET"]}}],"collection":[{"href":"https:\/\/trobadesanimadorsdecant.cat\/cant\/index.php\/wp-json\/wp\/v2\/pages"}],"about":[{"href":"https:\/\/trobadesanimadorsdecant.cat\/cant\/index.php\/wp-json\/wp\/v2\/types\/page"}],"author":[{"embeddable":true,"href":"https:\/\/trobadesanimadorsdecant.cat\/cant\/index.php\/wp-json\/wp\/v2\/users\/1"}],"replies":[{"embeddable":true,"href":"https:\/\/trobadesanimadorsdecant.cat\/cant\/index.php\/wp-json\/wp\/v2\/comments?post=31"}],"version-history":[{"count":5,"href":"https:\/\/trobadesanimadorsdecant.cat\/cant\/index.php\/wp-json\/wp\/v2\/pages\/31\/revisions"}],"predecessor-version":[{"id":976,"href":"https:\/\/trobadesanimadorsdecant.cat\/cant\/index.php\/wp-json\/wp\/v2\/pages\/31\/revisions\/976"}],"wp:featuredmedia":[{"embeddable":true,"href":"https:\/\/trobadesanimadorsdecant.cat\/cant\/index.php\/wp-json\/wp\/v2\/media\/498"}],"wp:attachment":[{"href":"https:\/\/trobadesanimadorsdecant.cat\/cant\/index.php\/wp-json\/wp\/v2\/media?parent=31"}],"curies":[{"name":"wp","href":"https:\/\/api.w.org\/{rel}","templated":true}]}}